{"id":13,"date":"2017-03-02T09:46:38","date_gmt":"2017-03-02T08:46:38","guid":{"rendered":"http:\/\/altaclux.lu\/wordpress\/?page_id=13"},"modified":"2017-03-02T14:52:11","modified_gmt":"2017-03-02T13:52:11","slug":"altac","status":"publish","type":"page","link":"https:\/\/altaclux.lu\/wordpress\/","title":{"rendered":"ALTAC"},"content":{"rendered":"<h3>Association Luxembourgeoise Des Th\u00e9rapies Avec Le Cheval<\/h3>\n<p>&nbsp;<\/p>\n<p>Die ALTAC wurde am 24.09.2009 von qualifizierten Reittherapeuten gegr\u00fcndet.<\/p>\n<p>Hauptziele:<\/p>\n<ul>\n<li>Professionalit\u00e4t und Qualit\u00e4tssicherung in der therapeutischen Arbeit mit dem Klienten und dem Pferd<\/li>\n<li>F\u00f6rderung der reittherapeutischen Bereiche:\n<ul>\n<li>Hippotherapie<\/li>\n<li>Krankengymnastische Behandlung auf dem Pferd<\/li>\n<li>Heilp\u00e4dagogisches Reiten\/Voltigieren<\/li>\n<li> Hippop\u00e4dagogik<\/li>\n<li>Pferdegest\u00fctzte Psychotherapie<\/li>\n<\/ul>\n<\/li>\n<li>Informationsanlaufstelle zum Thema Reittherapie (Ausbildung, reittherapeutische Angebote, &#8230;)<\/li>\n<li>Austausch und Seminarangebote f\u00fcr qualifizierte Reittherapeuten<\/li>\n<\/ul>\n<p>&nbsp;<\/p>\n<p><strong>Kontakt: info [at] altaclux.lu<\/strong><\/p>\n","protected":false},"excerpt":{"rendered":"<p>Association Luxembourgeoise Des Th\u00e9rapies Avec Le Cheval &nbsp; Die ALTAC wurde am 24.09.2009 von qualifizierten Reittherapeuten gegr\u00fcndet. Hauptziele: Professionalit\u00e4t und Qualit\u00e4tssicherung in der therapeutischen Arbeit mit dem Klienten und dem Pferd F\u00f6rderung der reittherapeutischen Bereiche: Hippotherapie Krankengymnastische Behandlung auf dem Pferd Heilp\u00e4dagogisches Reiten\/Voltigieren Hippop\u00e4dagogik Pferdegest\u00fctzte Psychotherapie Informationsanlaufstelle zum Thema Reittherapie (Ausbildung, reittherapeutische Angebote, &#8230;) Austausch &hellip; <\/p>\n<p class=\"link-more\"><a href=\"https:\/\/altaclux.lu\/wordpress\/\" class=\"more-link\"><span class=\"screen-reader-text\">\u201eALTAC\u201c <\/span>weiterlesen<\/a><\/p>\n","protected":false},"author":2,"featured_media":0,"parent":0,"menu_order":0,"comment_status":"closed","ping_status":"closed","template":"","meta":{"ngg_post_thumbnail":0,"footnotes":""},"class_list":["post-13","page","type-page","status-publish","hentry"],"_links":{"self":[{"href":"https:\/\/altaclux.lu\/wordpress\/index.php?rest_route=\/wp\/v2\/pages\/13","targetHints":{"allow":["GET"]}}],"collection":[{"href":"https:\/\/altaclux.lu\/wordpress\/index.php?rest_route=\/wp\/v2\/pages"}],"about":[{"href":"https:\/\/altaclux.lu\/wordpress\/index.php?rest_route=\/wp\/v2\/types\/page"}],"author":[{"embeddable":true,"href":"https:\/\/altaclux.lu\/wordpress\/index.php?rest_route=\/wp\/v2\/users\/2"}],"replies":[{"embeddable":true,"href":"https:\/\/altaclux.lu\/wordpress\/index.php?rest_route=%2Fwp%2Fv2%2Fcomments&post=13"}],"version-history":[{"count":1,"href":"https:\/\/altaclux.lu\/wordpress\/index.php?rest_route=\/wp\/v2\/pages\/13\/revisions"}],"predecessor-version":[{"id":14,"href":"https:\/\/altaclux.lu\/wordpress\/index.php?rest_route=\/wp\/v2\/pages\/13\/revisions\/14"}],"wp:attachment":[{"href":"https:\/\/altaclux.lu\/wordpress\/index.php?rest_route=%2Fwp%2Fv2%2Fmedia&parent=13"}],"curies":[{"name":"wp","href":"https:\/\/api.w.org\/{rel}","templated":true}]}}