{"id":17,"date":"2017-03-02T09:47:48","date_gmt":"2017-03-02T08:47:48","guid":{"rendered":"http:\/\/altaclux.lu\/wordpress\/?page_id=17"},"modified":"2017-03-02T14:52:11","modified_gmt":"2017-03-02T13:52:11","slug":"kriterien","status":"publish","type":"page","link":"https:\/\/altaclux.lu\/wordpress\/?page_id=17","title":{"rendered":"Kriterien"},"content":{"rendered":"<p><strong><span style=\"text-decoration: underline;\">AUFNAHMEKRITERIEN<\/span><\/strong><\/p>\n<p>Die ALTAC hat <strong>Mindestanforderungen<\/strong> einer qualitativ hochwertigen Weiterbildung erarbeitet auf Grund<\/p>\n<ul>\n<li>der Richtlinien von anerkannten ausl\u00e4ndischen Ausbildungsstrukturen, welche eine langj\u00e4hrige Erfahrung haben und internationale Anerkennung genie\u00dfen<\/li>\n<li>der langj\u00e4hrigen Berufserfahrung ihrer eigenen Mitglieder<\/li>\n<\/ul>\n<p>\u00a0<\/p>\n<p><strong><span style=\"text-decoration: underline;\">Grundberuf unbedingt erforderlich<\/span><\/strong><\/p>\n<p>Unter Grundberuf verstehen wir eine abgeschlossene, <em>vom Ministerium anerkannte<\/em>, Berufsausbildung im<\/p>\n<ul>\n<li>medizinischen, neurophysiologischen Bereich (z.B. Arzt, Krankengymnast, Ergotherapeut, Krankenpfleger soweit dieser im Ausland zur Zusatzausbildung mit dem Pferd zugelassen wird)<\/li>\n<li>p\u00e4dagogischen Bereich (z.B. Lehrer, Heilp\u00e4dagoge, Sozialp\u00e4dagoge, Erzieher, Motop\u00e4dagoge und Psychomotoriker)<\/li>\n<li>psychologischen Bereich ( Psychologe)<\/li>\n<li>psychotherapeutischen Bereich ( Psychologe mit psychotherapeutischer Zusatzausbildung)<\/li>\n<li>sozialen Bereich ( Sozialarbeiter)<\/li>\n<\/ul>\n<p>\u00a0<\/p>\n<p>Mindestens ein Jahr Berufserfahrung sollte sein bevor man eine therapeutische Zusatzausbildung mit dem Pferd angeht.<\/p>\n<p><strong><span style=\"text-decoration: underline;\">Reiterliche Qualifikation<\/span><\/strong><\/p>\n<p>Basispass = allgemeines elementares Grundwissen \u00fcber den Umgang mit dem Pferd zugestellt von einem anerkannten Richter.<\/p>\n<p>A-Dressur beurteilt von einem neutralen Richter.<\/p>\n<p><strong><span style=\"text-decoration: underline;\">Zusatzausbildung mit dem Pferd<\/span><\/strong><\/p>\n<p>Ein <strong>Praktikum<\/strong> mit abschliessender Diplomarbeit sollten zur Ausbildung geh\u00f6ren.<\/p>\n<p>Jeder <strong>Dozent<\/strong> oder <strong>Ausbilder <\/strong>vermittelt auf dem Gebiet sein Wissen weiter, auf dem er selber langj\u00e4hrige Berufserfahrung hat.<\/p>\n<p>Jeder <strong>ausgebildete Equitherapeut<\/strong> sollte mit den Kompetenzen arbeiten, die er \u00fcber seinen Grundberuf erarbeitet hat<\/p>\n<p>W\u00e4hrend der Weiterbildung sowie in der sp\u00e4teren Arbeit mit\/auf dem Pferd wird deutlich unterschieden zwischen 3<strong> <\/strong>Bereichen: Hippotherapie, Heilp\u00e4dagogisches Voltigieren\/ Reiten, Psychotherapie mit dem Pferd<\/p>\n<p>Einblicke in alle 3 Wirkungsbereiche sollten in dieser Zusatzausbildung gew\u00e4hrleistet sein, da der Mensch mit seiner Problematik immer wieder als Ganzes betrachtet werden muss.<\/p>\n<p>Viel Raum zur Selbsterfahrung sollte jedem w\u00e4hrend der Ausbildung zugestanden werden.<\/p>\n<p><strong><span style=\"text-decoration: underline;\">Zur Ausbildung zum Equitherapeuten geh\u00f6ren<\/span><\/strong><span style=\"text-decoration: underline;\"> <strong>allgemeine Kenntnisse, die das Pferd betreffen<\/strong>:<\/span><\/p>\n<p><span style=\"text-decoration: underline;\">\u00a0<\/span><\/p>\n<ul>\n<li>Pferdepsychologie \/ Ethologie<\/li>\n<li>Eignungskriterien zum Therapiepferd<\/li>\n<li>Ausbildung des Therapiepferdes<\/li>\n<li>Artgerechte Haltungsbedingungen<\/li>\n<li>Gesunderhaltung (physisch, psychisch) der Pferde<\/li>\n<li>Versicherung<\/li>\n<li>Tierschutzgesetz<\/li>\n<\/ul>\n<p>\u00a0<\/p>\n<p><strong><span style=\"text-decoration: underline;\">Ausbildungsstunden<\/span><\/strong><strong> <\/strong><\/p>\n<p>In einer Studie vieler Ausbildungsstellen in Deutschland und in Frankreich werden Ausbildungen zwischen 200 und 600 Unterrichtseinheiten im p\u00e4dagogisch-sozialen Bereich angeboten, die sich zum Teil \u00fcber 2-3 Jahre erstrecken<\/p>\n<p><strong><span style=\"text-decoration: underline;\">Ausbildung zum therapeutischen Equi-Assistenten<\/span><\/strong><\/p>\n<p><strong><span style=\"text-decoration: underline;\">\u00a0<\/span><\/strong><\/p>\n<p>Therapeutischer Assistent in der Ausbildung mit dem Pferd kann jeder werden, der keinen Grundberuf aufweisen kann, aber trotzdem mit Mensch und Pferd zusammen arbeiten m\u00f6chte und die bereits aufgez\u00e4hlten Aufnahmekriterien erf\u00fcllt.<\/p>\n<p>Der ausgebildete therapeutische Equi-Assistent darf nur unter der Verantwortung eines ausgebildeten Therapeuten mit Grundberuf arbeiten.<\/p>\n<p style=\"text-align: center;\">\u00a0<\/p>\n","protected":false},"excerpt":{"rendered":"<p>AUFNAHMEKRITERIEN Die ALTAC hat Mindestanforderungen einer qualitativ hochwertigen Weiterbildung erarbeitet auf Grund der Richtlinien von anerkannten ausl\u00e4ndischen Ausbildungsstrukturen, welche eine langj\u00e4hrige Erfahrung haben und internationale Anerkennung genie\u00dfen der langj\u00e4hrigen Berufserfahrung ihrer eigenen Mitglieder \u00a0 Grundberuf unbedingt erforderlich Unter Grundberuf verstehen wir eine abgeschlossene, vom Ministerium anerkannte, Berufsausbildung im medizinischen, neurophysiologischen Bereich (z.B. Arzt, Krankengymnast, Ergotherapeut, &hellip; <\/p>\n<p class=\"link-more\"><a href=\"https:\/\/altaclux.lu\/wordpress\/?page_id=17\" class=\"more-link\"><span class=\"screen-reader-text\">\u201eKriterien\u201c <\/span>weiterlesen<\/a><\/p>\n","protected":false},"author":2,"featured_media":0,"parent":0,"menu_order":0,"comment_status":"closed","ping_status":"closed","template":"","meta":{"ngg_post_thumbnail":0,"footnotes":""},"class_list":["post-17","page","type-page","status-publish","hentry"],"_links":{"self":[{"href":"https:\/\/altaclux.lu\/wordpress\/index.php?rest_route=\/wp\/v2\/pages\/17","targetHints":{"allow":["GET"]}}],"collection":[{"href":"https:\/\/altaclux.lu\/wordpress\/index.php?rest_route=\/wp\/v2\/pages"}],"about":[{"href":"https:\/\/altaclux.lu\/wordpress\/index.php?rest_route=\/wp\/v2\/types\/page"}],"author":[{"embeddable":true,"href":"https:\/\/altaclux.lu\/wordpress\/index.php?rest_route=\/wp\/v2\/users\/2"}],"replies":[{"embeddable":true,"href":"https:\/\/altaclux.lu\/wordpress\/index.php?rest_route=%2Fwp%2Fv2%2Fcomments&post=17"}],"version-history":[{"count":1,"href":"https:\/\/altaclux.lu\/wordpress\/index.php?rest_route=\/wp\/v2\/pages\/17\/revisions"}],"predecessor-version":[{"id":18,"href":"https:\/\/altaclux.lu\/wordpress\/index.php?rest_route=\/wp\/v2\/pages\/17\/revisions\/18"}],"wp:attachment":[{"href":"https:\/\/altaclux.lu\/wordpress\/index.php?rest_route=%2Fwp%2Fv2%2Fmedia&parent=17"}],"curies":[{"name":"wp","href":"https:\/\/api.w.org\/{rel}","templated":true}]}}