{"id":19,"date":"2017-03-02T09:48:09","date_gmt":"2017-03-02T08:48:09","guid":{"rendered":"http:\/\/altaclux.lu\/wordpress\/?page_id=19"},"modified":"2017-04-06T22:43:13","modified_gmt":"2017-04-06T20:43:13","slug":"mitgliedschaft","status":"publish","type":"page","link":"https:\/\/altaclux.lu\/wordpress\/?page_id=19","title":{"rendered":"Mitgliedschaft"},"content":{"rendered":"<p>Sie k\u00f6nnen uns gerne durch eine Mitgliedschaft unterst\u00fctzen. Die Kosten f\u00fcr ein\u00a0<strong>nicht <\/strong>aktives Mitglied\u00a0belaufen sich auf <strong>15<\/strong> Euro pro Jahr.<\/p>\n<p><strong>Aktive <\/strong>Mitglieder sind\u00a0zertifizierte Reittherapeuten welche die auf unserer Seite aufgelisteten Kriterien erf\u00fcllen. Wenn\u00a0Sie an\u00a0solch einer Mitgliedschaft interessiert sind dann\u00a0senden Sie uns bitte folgendes zu:<\/p>\n<p><strong>Kopie vom\u00a0Diplom des Grundberufes<\/strong><\/p>\n<p><strong>\u00a0Kopie des\u00a0reittherapeutischen Zertifikates<\/strong><\/p>\n<p><strong>\u00a0Ihre Motivation zum aktiven\u00a0Beitritt\u00a0der ALTAC <\/strong><\/p>\n<p><strong>\u00a0<\/strong><\/p>\n<p>Wir laden Sie dann zu einem Gespr\u00e4ch in unserem Vorstand ein. Falls eine aktive Mitgliedschaft f\u00fcr Sie zutrifft, haben Sie das Recht auf der Therapeutenliste auf unserer Homepage zu stehen.\u00a0Die Kosten f\u00fcr eine aktive Mitgliedschaft belaufen sich auf 35 Euro im Jahr.<\/p>\n<p>Die oben erforderten Dokumente sind\u00a0bei unserem Si\u00e8ge social ( 3 rue Theis, L-6925 Flaxweiler)\u00a0\u00a0einzureichen.<\/p>\n<p>&nbsp;<\/p>\n<h4><strong>Kontonummer: CCPL LU83 1111 2582 5844 0000<\/strong><\/h4>\n","protected":false},"excerpt":{"rendered":"<p>Sie k\u00f6nnen uns gerne durch eine Mitgliedschaft unterst\u00fctzen. Die Kosten f\u00fcr ein\u00a0nicht aktives Mitglied\u00a0belaufen sich auf 15 Euro pro Jahr. Aktive Mitglieder sind\u00a0zertifizierte Reittherapeuten welche die auf unserer Seite aufgelisteten Kriterien erf\u00fcllen. Wenn\u00a0Sie an\u00a0solch einer Mitgliedschaft interessiert sind dann\u00a0senden Sie uns bitte folgendes zu: Kopie vom\u00a0Diplom des Grundberufes \u00a0Kopie des\u00a0reittherapeutischen Zertifikates \u00a0Ihre Motivation zum aktiven\u00a0Beitritt\u00a0der &hellip; <\/p>\n<p class=\"link-more\"><a href=\"https:\/\/altaclux.lu\/wordpress\/?page_id=19\" class=\"more-link\"><span class=\"screen-reader-text\">\u201eMitgliedschaft\u201c <\/span>weiterlesen<\/a><\/p>\n","protected":false},"author":2,"featured_media":0,"parent":0,"menu_order":0,"comment_status":"closed","ping_status":"closed","template":"","meta":{"ngg_post_thumbnail":0,"footnotes":""},"class_list":["post-19","page","type-page","status-publish","hentry"],"_links":{"self":[{"href":"https:\/\/altaclux.lu\/wordpress\/index.php?rest_route=\/wp\/v2\/pages\/19","targetHints":{"allow":["GET"]}}],"collection":[{"href":"https:\/\/altaclux.lu\/wordpress\/index.php?rest_route=\/wp\/v2\/pages"}],"about":[{"href":"https:\/\/altaclux.lu\/wordpress\/index.php?rest_route=\/wp\/v2\/types\/page"}],"author":[{"embeddable":true,"href":"https:\/\/altaclux.lu\/wordpress\/index.php?rest_route=\/wp\/v2\/users\/2"}],"replies":[{"embeddable":true,"href":"https:\/\/altaclux.lu\/wordpress\/index.php?rest_route=%2Fwp%2Fv2%2Fcomments&post=19"}],"version-history":[{"count":2,"href":"https:\/\/altaclux.lu\/wordpress\/index.php?rest_route=\/wp\/v2\/pages\/19\/revisions"}],"predecessor-version":[{"id":70,"href":"https:\/\/altaclux.lu\/wordpress\/index.php?rest_route=\/wp\/v2\/pages\/19\/revisions\/70"}],"wp:attachment":[{"href":"https:\/\/altaclux.lu\/wordpress\/index.php?rest_route=%2Fwp%2Fv2%2Fmedia&parent=19"}],"curies":[{"name":"wp","href":"https:\/\/api.w.org\/{rel}","templated":true}]}}