{"id":21,"date":"2017-03-02T09:48:38","date_gmt":"2017-03-02T08:48:38","guid":{"rendered":"http:\/\/altaclux.lu\/wordpress\/?page_id=21"},"modified":"2023-12-01T22:32:06","modified_gmt":"2023-12-01T21:32:06","slug":"ueber-uns","status":"publish","type":"page","link":"https:\/\/altaclux.lu\/wordpress\/?page_id=21","title":{"rendered":"\u00dcber uns"},"content":{"rendered":"<h3>Sarah Haas- van Gelder<\/h3>\n<p><a class=\"shutterset_\" href=\"http:\/\/www.altaclux.lu\/wordpress\/wp-content\/gallery\/cv\/foto2cc.jpg\"><img loading=\"lazy\" decoding=\"async\" class=\"ngg-singlepic ngg-left alignleft\" src=\"http:\/\/www.altaclux.lu\/wordpress\/wp-content\/gallery\/cv\/thumbs\/thumbs_foto2cc.jpg\" alt=\"sarah\" width=\"100\" height=\"75\" \/><\/a>Mein Name ist Sarah Haas- van Gelder,<\/p>\n<p>Leiterin des \u201eP\u00e4dagogeschen Reithaff \u201eA M\u00ebchels\u201c in Flaxweiler<\/p>\n<p>Pr\u00e4sidentin der ALTAC<\/p>\n<p>Ich wurde 1976 in W\u00fcrselen (D) geboren<\/p>\n<p>Ich reite seit meinem 10. Lebensjahr und bekam 1995 mein erstes eigenes Pferd \u201eCastel\u201c. Er war mein erstes Therapiepferd und hat bis seinem 29. Lebensjahr viele Menschen gl\u00fccklich gemacht.<\/p>\n<p>Mein Beruf : Erzieherin<\/p>\n<p>Zusatzqualifikationen : Hippop\u00e4dagogin, Agrarp\u00e4dagogin<\/p>\n<p>2001: Lehrgang f\u00fcr Reittherapie in Louvain-la \u2013Neuve (B)<\/p>\n<p>2002: 1 Woche Lehrgang \u201eTourisme \u00e9questre et l\u2019handicap\u201c in S\u00fcdfrankreich<\/p>\n<p>2003: Zusatzausbildung als Hippop\u00e4dagogin im Allg\u00e4u bei J.Deppisch. Dies erstreckte sich \u00fcber mehr als ein Jahr.<\/p>\n<p>2004:\u00a0Einf\u00fchrungskurs bei Monika Mehlem, Grundz\u00fcge einer k\u00f6rperorientierten Psychotherapie am Pferd<\/p>\n<p>2011: Qualifikation als Agrarp\u00e4dagogin<\/p>\n<p>2011-2012\u00a0Weiterbildung : Grundz\u00fcge einer k\u00f6rperorientierten Psychotherapie mit dem Pferd mit Monika Mehlem.<\/p>\n<p>2018 Weiterbildung als M\u00e4rchen und Geschichtenerz\u00e4hlerin bei Karin Ulex<\/p>\n<p>Seit dem Jahr 2000 arbeite ich praktisch im Bereich der Reittherapie.<\/p>\n<p>Seit 2011 biete ich Aktivit\u00e4ten auf dem Bauernhof f\u00fcr Schulklassen, Kita&#8217;s, Horte u.s.w. an.<\/p>\n<p>Ich bin Mutter von 2 Kindern.<\/p>\n<p>Mein Motto:<\/p>\n<p>\u201eErst wenn man weiss was man tut, kann man tun was man will\u201c (M.Feldenkreis)<\/p>\n<h3>Christiane Betz<\/h3>\n<p><a class=\"shutterset_\" href=\"http:\/\/www.altaclux.lu\/wordpress\/wp-content\/gallery\/cv\/christiane.jpg\"><img loading=\"lazy\" decoding=\"async\" class=\"ngg-singlepic ngg-left alignleft\" src=\"http:\/\/www.altaclux.lu\/wordpress\/wp-content\/gallery\/cv\/thumbs\/thumbs_christiane.jpg\" alt=\"christiane\" width=\"100\" height=\"75\" \/><\/a>Name: Christiane BETZ<\/p>\n<p>Geboren in : Esch-sur-Alzette<\/p>\n<p>Beruf: Krankengymnastin<\/p>\n<p>Familienstand: verheiratet; 2 Kinder<\/p>\n<p>Vizepr\u00e4sidentin der ALTAC<\/p>\n<p>Zusatzausbildungen: Neurophysiologische Behandlung nach BOBATH (\u00d6sterreich) 1976<\/p>\n<p>Hippotherapielizenz in Wildbad (Deutschland) 1978<\/p>\n<p>Sensorische Integrationstherapie in Hamburg bei Frau Dr. Inge Flehmig 1988<\/p>\n<p>Klinisch orientierte Psychomotorik \u2013 Diagnostik I + II in Mainz 1993<\/p>\n<p>Zusatzqualifikation Motop\u00e4dagogik 1998<\/p>\n<p>Hippop\u00e4dagogiklizenz bei J. Deppisch (Allg\u00e4u) 1998<\/p>\n<p>Longierabzeichen Klasse IV in Wonsheim 2002<\/p>\n<p>Fahrabzeichen Klasse IV in Luxemburg 2004<\/p>\n<p>Professionnelle Laufbahn: 8 Jahre (1972-1980) Einsatz als Krankengymnastin im mobilen Dienst beim Spastikerverein in Karlsruhe. Dort erste Begegnung mit krankengymnastischer Behandlung auf dem Pferd.<\/p>\n<p>Mitbegr\u00fcnderin der ATE in Luxemburg im M\u00e4rz 1982.<\/p>\n<p>Ab 1983 Behandlung auf neurophysiologischer Grundbasis nach Bobath von Kindern und S\u00e4uglingen mit einer Entwicklungsst\u00f6rung.<\/p>\n<p>Von 1994-2002 freiberufliche Mitarbeiterin im SCAP (Service de Consultation et d&#8217;Aide Psychomotrice); sensorische Integrationsbehandlung von Kindern mit Wahrnehmungsst\u00f6rungen und ADS.<\/p>\n<p>Ab 2002 nur noch t\u00e4tig in der Arbeit mit\/auf dem Pferd teils als Krankengymnastin in der Hippotherapie (Therapie mit Kindern und Erwachsenen = Einzeltherapie), teils als Hippop\u00e4dagogin im heilp\u00e4dagogischen Voltigieren (Kinder mit leichtem Entwicklungsr\u00fcckstand oder Teilleistungsst\u00f6rungen, Kinder mit ADS = Gruppentherapie).<\/p>\n<p>Reiterliche Vorlieben: Klassische Dressur<\/p>\n<p>Mittlerweile &#8222;\u00c9quitation \u00e0 la L\u00e9g\u00e8ret\u00e9&#8220;<\/p>\n<p>H\u00f6chstes Gebot: Respektvoller Umgang mit dem Pferd<\/p>\n<p>Geh\u00f6r und Gesp\u00fcr pflegen in der Kommunikation mit dem Pferd<\/p>\n<p>&#8222;\u00eatre \u00e0 l&#8217;\u00e9coute&#8220;<\/p>\n<p>&#8220; Wenn man die M\u00e4hne eines &#8222;Sonnenpferdes&#8220; ber\u00fchrt, leuchtet unsere Seele auf &#8220;<\/p>\n<h3><\/h3>\n<h3>Janine Mailliet<\/h3>\n<div>\n<p>\u00a0<a href=\"http:\/\/www.altaclux.lu\/wordpress\/wp-content\/uploads\/2010\/09\/tn.jpg\"><img loading=\"lazy\" decoding=\"async\" class=\"alignnone wp-image-521\" title=\"tn\" src=\"http:\/\/www.altaclux.lu\/wordpress\/wp-content\/uploads\/2010\/09\/tn-300x183.jpg\" alt=\"\" width=\"117\" height=\"103\" \/><\/a>Vorstandsmitglied,<\/p>\n<p><strong>Ausbildungen:<\/strong><\/p>\n<\/div>\n<div>\n<p align=\"justify\">Grundschullehrerin<\/p>\n<p align=\"justify\">Reittherapeutin (Formation Anthe Anthesis 2006 &#8211; 2008)<\/p>\n<p align=\"justify\"><strong>Zahlreiche weitere Fortbildungen wie zum Beispiel:<\/strong><\/p>\n<ul>\n<li>\n<p align=\"justify\"><em>D\u00e9velopper l&#8217;estime de soi chez l&#8217;enfant<\/em> (Selon les principes de l&#8217;Universit\u00e9 de Paix<em>)<\/em><\/p>\n<\/li>\n<li>\n<p align=\"justify\"><em>Grundz\u00fcge einer k\u00f6rperorientierten Psychotherapie am Pferd<\/em> (Monika Mehlem, Diplom Psychologin, Psychotherapeutin, Reittherapeutin)<\/p>\n<\/li>\n<li>\n<p align=\"justify\"><em>Entwicklungsberatung f\u00fcr Lehrer\/-innen und Erzieher\/-innen von auff\u00e4lligen Kindern<\/em> (Jutta Schneider, Dipl. Heilp\u00e4dagogin,\u00a0 wissenschaftliche Mitarbeiterin Uni K\u00f6ln und Martina Krautschneider, Dipl. Sozialp\u00e4dagogin)<\/p>\n<\/li>\n<li>\n<p align=\"justify\"><em>Sozial unsichere Kinder &#8211; Kinder die man nicht mehr h\u00f6rt<\/em> (Beate Bekemeier, Diplom Psychologin, Ergotherapeutin, Supervisorin &#8211; Universit\u00e4t Trier)<\/p>\n<\/li>\n<li>\n<p align=\"justify\"><em>Ausbildung von Eseln zu Therapie und P\u00e4dagogik unterst\u00fctzenden Tieren<\/em> (Anahid Klotz, Asinella Farm, Autorin des Buches: Esel &amp; Mensch, Nat\u00fcrliches Horsemanship mit Eseln, Tiergest\u00fctzte Aktivit\u00e4ten P\u00e4dagogik und Therapie)<\/p>\n<\/li>\n<\/ul>\n<p>Jahrgang 1964, bin ich auf dem elterlichen Bauernhof aufgewachsen und habe diesen lange Jahre, zusammen mit meinem damaligen Mann, weitergef\u00fchrt. Das Abitur und die anschlie\u00dfende Lehrerinnen-Ausbildung habe ich auf dem zweiten Bildungsweg nachgeholt. Sp\u00e4ter hat sich daran auch die reittherapeutische Ausbildung angeschlossen.<\/p>\n<p>Inzwischen habe ich das eigene Klassenzimmer verlassen und arbeite nunmehr in ausschlie\u00dflicher Zusammenarbeit mit der CIS (Commission d\u2019inclusion scolaire) im Arr. 20, mit\u00a0 Kindern, die Probleme im sozial-emotionalen Bereich aufzeigen. Dies, sowohl in deren Grundschulen, wie auch, therapeutisch, auf dem mittlerweile umgebauten Hof.<\/p>\n<p>Auf den Esel als Therapiebegleiter bin ich \u00fcber den Umweg des Pferdes gekommen. Die Begeisterung f\u00fcr Esel ist, um ehrlich zu sein, sehr z\u00f6gerlich gewachsen. Zu sehr war ich mit dem reaktionsschnelleren Wesen des Pferdes vertraut. Erst im Rahmen eines Praktikums in der Asinerie de l&#8217;O (B-Habay) habe ich erstaunt begonnen, sie sch\u00e4tzen zu lernen. Dies hat sich zu einer gro\u00dfen Begeisterung entwickelt die bis heute nicht nachgelassen, im Gegenteil! Obwohl ich ebenfalls mit Pferden und Maultieren arbeite, ist die Asinotherapie (Therapie mit Eseln) der Schwerpunkt meiner therapeutischen Arbeit geworden.<\/p>\n<\/div>\n<h3>Linda Pregno, Schriftf\u00fchrerin<\/h3>\n<h3>Alex Trentin, Kassenwartin<\/h3>\n<div>\n<p><strong>\u00a0<\/strong><\/p>\n<\/div>\n","protected":false},"excerpt":{"rendered":"<p>Sarah Haas- van Gelder Mein Name ist Sarah Haas- van Gelder, Leiterin des \u201eP\u00e4dagogeschen Reithaff \u201eA M\u00ebchels\u201c in Flaxweiler Pr\u00e4sidentin der ALTAC Ich wurde 1976 in W\u00fcrselen (D) geboren Ich reite seit meinem 10. Lebensjahr und bekam 1995 mein erstes eigenes Pferd \u201eCastel\u201c. Er war mein erstes Therapiepferd und hat bis seinem 29. Lebensjahr viele &hellip; <\/p>\n<p class=\"link-more\"><a href=\"https:\/\/altaclux.lu\/wordpress\/?page_id=21\" class=\"more-link\"><span class=\"screen-reader-text\">\u201e\u00dcber uns\u201c <\/span>weiterlesen<\/a><\/p>\n","protected":false},"author":2,"featured_media":0,"parent":0,"menu_order":0,"comment_status":"closed","ping_status":"closed","template":"","meta":{"ngg_post_thumbnail":0,"footnotes":""},"class_list":["post-21","page","type-page","status-publish","hentry"],"_links":{"self":[{"href":"https:\/\/altaclux.lu\/wordpress\/index.php?rest_route=\/wp\/v2\/pages\/21","targetHints":{"allow":["GET"]}}],"collection":[{"href":"https:\/\/altaclux.lu\/wordpress\/index.php?rest_route=\/wp\/v2\/pages"}],"about":[{"href":"https:\/\/altaclux.lu\/wordpress\/index.php?rest_route=\/wp\/v2\/types\/page"}],"author":[{"embeddable":true,"href":"https:\/\/altaclux.lu\/wordpress\/index.php?rest_route=\/wp\/v2\/users\/2"}],"replies":[{"embeddable":true,"href":"https:\/\/altaclux.lu\/wordpress\/index.php?rest_route=%2Fwp%2Fv2%2Fcomments&post=21"}],"version-history":[{"count":5,"href":"https:\/\/altaclux.lu\/wordpress\/index.php?rest_route=\/wp\/v2\/pages\/21\/revisions"}],"predecessor-version":[{"id":100,"href":"https:\/\/altaclux.lu\/wordpress\/index.php?rest_route=\/wp\/v2\/pages\/21\/revisions\/100"}],"wp:attachment":[{"href":"https:\/\/altaclux.lu\/wordpress\/index.php?rest_route=%2Fwp%2Fv2%2Fmedia&parent=21"}],"curies":[{"name":"wp","href":"https:\/\/api.w.org\/{rel}","templated":true}]}}