{"id":35,"date":"2017-03-02T09:57:37","date_gmt":"2017-03-02T08:57:37","guid":{"rendered":"http:\/\/altaclux.lu\/wordpress\/?page_id=35"},"modified":"2017-03-02T14:52:11","modified_gmt":"2017-03-02T13:52:11","slug":"bereiche-der-reittherapie","status":"publish","type":"page","link":"https:\/\/altaclux.lu\/wordpress\/?page_id=35","title":{"rendered":"Bereiche der Reittherapie"},"content":{"rendered":"<h1>Was ist &#8222;Hippotherapie&#8220;?<\/h1>\n<p style=\"text-align: justify;\">Die Hippotherapie ist eine vom Arzt empfohlene krankengymnastische Einzelbehandlung auf dem Pferd. Der Patient wirkt nicht aktiv auf das Pferd ein, sondern l\u00e4sst sich &#8222;lediglich&#8220; von ihm bewegen. Vom Patienten werden aktive und passive Anpassungen an die rythmischen, dreidimensionalen Schwingungen des Pferder\u00fcckens verlangt. Diese Schwingungsimpulse wirken lockernd auf die verkrampfte Muskulatur und l\u00f6sen Gleichgewichtsreaktionen vom Becken bei gleichzeitiger Anpassungsreaktion im Rumpf aus. Hippotherapie kann jedoch nie die herk\u00f6mmliche Krankengymnastik ersetzen, sondern immer nur erg\u00e4nzen.<\/p>\n<p style=\"text-align: justify;\">F\u00fcr wen ist diese Therapie geeignet?<\/p>\n<p style=\"text-align: justify;\">F\u00fcr Kinder, Jugendliche und Erwachsene mit folgenden medizinischen Indikationen:<\/p>\n<ul style=\"text-align: justify;\">\n<li>Cerebralparesen mit spastisch, athetotischen, ataktischen Bewegungsst\u00f6rungen<\/li>\n<li>Fr\u00fchkindliche Hinsch\u00e4digung mit vorwiegend geistiger Retardierung<\/li>\n<li>Chromosomenanomalie<\/li>\n<li>Folgen nach Sch\u00e4del- Hirntrauma<\/li>\n<li>Hemiplegie<\/li>\n<li>Multiple Sklerose<\/li>\n<li>Parkinson<\/li>\n<\/ul>\n<p style=\"text-align: justify;\">Was sind die Ziele dieser Therapie?<\/p>\n<ul style=\"text-align: justify;\">\n<li>Verbesserung der Gesammtmotorik<\/li>\n<li>Muskelentspannung, Muskeltonusregulierung<\/li>\n<li>Verbesserung der Koordination<\/li>\n<li>Verbesserung der Gleichgewichtsreaktionen<\/li>\n<li>Schulung der Wahrnehmung<\/li>\n<li>Neue Motivation<\/li>\n<li>Erfolgserlebnis<\/li>\n<\/ul>\n<p style=\"text-align: justify;\">Wer f\u00fchrt die Hippotherapie durch?<\/p>\n<p style=\"text-align: justify;\">Die vom Arzt \u00fcberwachte Hippotherapie kann nur als Teamarbeit durchgef\u00fchrt werden. Diesem Team geh\u00f6ren an: der Krankengymnast oder Ergotherapeut mit spezieller Zusatzausbildung, der geschulte Pferdef\u00fchrer, der Helfer.<\/p>\n<h1>Heilp\u00e4dagogisches Reiten(HPR) Voltigieren(HPV)\u00a0und Hippop\u00e4dagogik<\/h1>\n<p style=\"text-align: justify;\">Das <strong>heilp\u00e4dagogische Reiten <\/strong>und Voltigieren spricht den Klienten ganzheitlich und \u00fcber alle Sinne an.<\/p>\n<p>Es fordert und f\u00f6rdert den Menschen auf der k\u00f6rperlichen, emotionalen, geistigen und sozialen Ebene.<\/p>\n<p>Dabei spielt die Beziehung zum Pferd eine tragende Rolle. In der Tat begegnet das Pferd dem Klienten -mit dessen St\u00e4rken und Schw\u00e4chen \u2013 wert- und urteilsfrei und erm\u00f6glicht so pers\u00f6nliche und soziale Entwicklung.<\/p>\n<p>Zielgruppe im heilp\u00e4dagogischen Reiten sind Kinder, Jugendliche und Erwachsene mit k\u00f6rperlichen, seelischen und sozialen Entwicklungsst\u00f6rungen oder Behinderungen.<\/p>\n<p>Die Umsetzung erfolgt durch den direkten Kontakt und Umgang mit dem Pferd, das Pflegen des Pferdes, \u00dcbungen am und auf dem gef\u00fchrten Pferd, Arbeit im Stall, in Einzel- oder Gruppenstunden<\/p>\n<p style=\"text-align: justify;\">&nbsp;<\/p>\n<p style=\"text-align: justify;\"><strong>Hippop\u00e4dagogik<\/strong><\/p>\n<p style=\"text-align: justify;\">Die Hippop\u00e4dagogik benutzt das handlungsorientierte Konzept der Motop\u00e4dagogik (Psychomotorik). Grunds\u00e4tzlich ist es kein therapeutischer Bereich sondern vielmehr ein p\u00e4dagogischer Ansatz, der allerdings durchaus im therapeutischen Bereich Verwendung finden kann. Angelehnt an die Motop\u00e4dagogik ist das oberste Ziel der Hippop\u00e4dagogik die &#8222;Umfassende Handlungskompetenz im Kontakt mit dem Pferd&#8220;. Seinen M\u00f6glichkeiten entsprechend lernt jeder Teilnehmer sich auf dem Pferd zu bewegen und mit dessen Umgang kompetent zu werden. Je mehr Erfahrungen er machen konnte, desto mehr wird er seine T\u00e4tigkeiten mit dem Pferd selbst bestimmen k\u00f6nnen und lernt so diese Erfahrungen auf andere Lebenssituationen zu \u00fcbertragen. Hippop\u00e4dagogik ist sowohl f\u00fcr behinderte als auch f\u00fcr nicht behinderte Menschen geeignet<\/p>\n<p>Der Name Hippop\u00e4dagogik wurde 1998 beim Patentamt in M\u00fcnchen gesch\u00fctzt.<\/p>\n<p style=\"text-align: justify;\">&nbsp;<\/p>\n<p style=\"text-align: justify;\"><strong>Zielsetzung bei HPR\/V und Hippop\u00e4dagogik:<\/strong><\/p>\n<p style=\"text-align: justify;\">F\u00f6rderung von:<\/p>\n<ul style=\"text-align: justify;\">\n<li>Psychomotorischen Bereich<\/li>\n<li>Wahrnehmung und Gleichgewicht<\/li>\n<li>Konzentration<\/li>\n<\/ul>\n<p>&nbsp;<\/p>\n<ul style=\"text-align: justify;\">\n<li>Kennenlernen gruppendynamischer Prozesse<\/li>\n<li>Agressivit\u00e4tsabbau<\/li>\n<li>Steigerung des Selbstwertgef\u00fchles<\/li>\n<\/ul>\n<p>&nbsp;<\/p>\n<h1>Pferdegest\u00fctzte Psychotherapie<\/h1>\n<p style=\"text-align: justify;\">In der Psychotherapie setzen Psychologen und Psychiater das Pferd als wertvolles zus\u00e4tzliches Medium und Co-Therapeut in der Begleitung psychisch leidender Menschen ein.<\/p>\n<p style=\"text-align: justify;\">Da ihre Arbeit zu allererst auf der Basis einer guten zwischenmenschlichen Beziehung beruht, leistet gerade hier das Pferd wertvolle Dienste. Seine Beziehungsf\u00e4higkeit beg\u00fcnstigt die ersten Kontaktaufnahmen und schafft somit ein Vorfeld f\u00fcr zwischenmenschliche Begegnung.<\/p>\n<p style=\"text-align: justify;\">F\u00fcr den Klienten stehen bei dieser Intervention im Vordergrund:<\/p>\n<ul style=\"text-align: justify;\">\n<li>das Ber\u00fchren und sich Ber\u00fchren lassen<\/li>\n<li>das F\u00fchlen und Ersp\u00fcren, \u00fcber den K\u00f6rper, von seinen eigentlichen, tiefen Bed\u00fcrfnissen, seinen versch\u00fctteten Wunden, aber auch das Entdecken seiner Kompetenzen und Ressourcen.<\/li>\n<\/ul>\n<p style=\"text-align: justify;\">Die Echtheit der Beziehung zwischen Mensch und Pferd, beruhend auf non-verbaler, analoger Kommunikation, \u00f6ffnet einen wertfreien Raum von bedingungsloser Annahme, und schafft somit eine<\/p>\n<p>Grundvoraussetzung f\u00fcr den weiteren Heilungs-und Entwicklungsprozess.<\/p>\n","protected":false},"excerpt":{"rendered":"<p>Was ist &#8222;Hippotherapie&#8220;? Die Hippotherapie ist eine vom Arzt empfohlene krankengymnastische Einzelbehandlung auf dem Pferd. Der Patient wirkt nicht aktiv auf das Pferd ein, sondern l\u00e4sst sich &#8222;lediglich&#8220; von ihm bewegen. Vom Patienten werden aktive und passive Anpassungen an die rythmischen, dreidimensionalen Schwingungen des Pferder\u00fcckens verlangt. Diese Schwingungsimpulse wirken lockernd auf die verkrampfte Muskulatur und &hellip; <\/p>\n<p class=\"link-more\"><a href=\"https:\/\/altaclux.lu\/wordpress\/?page_id=35\" class=\"more-link\"><span class=\"screen-reader-text\">\u201eBereiche der Reittherapie\u201c <\/span>weiterlesen<\/a><\/p>\n","protected":false},"author":2,"featured_media":0,"parent":0,"menu_order":0,"comment_status":"closed","ping_status":"closed","template":"","meta":{"ngg_post_thumbnail":0,"footnotes":""},"class_list":["post-35","page","type-page","status-publish","hentry"],"_links":{"self":[{"href":"https:\/\/altaclux.lu\/wordpress\/index.php?rest_route=\/wp\/v2\/pages\/35","targetHints":{"allow":["GET"]}}],"collection":[{"href":"https:\/\/altaclux.lu\/wordpress\/index.php?rest_route=\/wp\/v2\/pages"}],"about":[{"href":"https:\/\/altaclux.lu\/wordpress\/index.php?rest_route=\/wp\/v2\/types\/page"}],"author":[{"embeddable":true,"href":"https:\/\/altaclux.lu\/wordpress\/index.php?rest_route=\/wp\/v2\/users\/2"}],"replies":[{"embeddable":true,"href":"https:\/\/altaclux.lu\/wordpress\/index.php?rest_route=%2Fwp%2Fv2%2Fcomments&post=35"}],"version-history":[{"count":1,"href":"https:\/\/altaclux.lu\/wordpress\/index.php?rest_route=\/wp\/v2\/pages\/35\/revisions"}],"predecessor-version":[{"id":36,"href":"https:\/\/altaclux.lu\/wordpress\/index.php?rest_route=\/wp\/v2\/pages\/35\/revisions\/36"}],"wp:attachment":[{"href":"https:\/\/altaclux.lu\/wordpress\/index.php?rest_route=%2Fwp%2Fv2%2Fmedia&parent=35"}],"curies":[{"name":"wp","href":"https:\/\/api.w.org\/{rel}","templated":true}]}}