{"id":37,"date":"2017-03-02T09:58:04","date_gmt":"2017-03-02T08:58:04","guid":{"rendered":"http:\/\/altaclux.lu\/wordpress\/?page_id=37"},"modified":"2025-04-25T11:10:44","modified_gmt":"2025-04-25T09:10:44","slug":"reittherapie-in-luxemburg","status":"publish","type":"page","link":"https:\/\/altaclux.lu\/wordpress\/?page_id=37","title":{"rendered":"Reittherapie in Luxemburg"},"content":{"rendered":"<p style=\"text-align: justify;\">In der folgenden Auflistung finden Sie Einrichtungen, welche pferdegest\u00fctzte Therapie in den verschiedenen Bereichen anbietet.In allen Einrichtungen arbeiten qualifizierte Therapeuten mit entsprechender Zusatzausbildung.<\/p>\n\t\t\t\t\t\t\t<h3 style=\"margin-bottom:20px;display:block;width:100%;margin-top:10px\">Reittherapie in Luxemburg <\/h3>\r\n\t\t\t\t\t\t<style>\r\n\t\t\t\t<style>\r\n#wpsm_accordion_87 .wpsm_panel-heading{\r\n\tpadding:0px !important;\r\n}\r\n#wpsm_accordion_87 .wpsm_panel-title {\r\n\tmargin:0px !important; \r\n\ttext-transform:none !important;\r\n\tline-height: 1 !important;\r\n}\r\n#wpsm_accordion_87 .wpsm_panel-title a{\r\n\ttext-decoration:none;\r\n\toverflow:hidden;\r\n\tdisplay:block;\r\n\tpadding:0px;\r\n\tfont-size: 18px !important;\r\n\tfont-family: Open Sans !important;\r\n\tcolor:#000000 !important;\r\n\tborder-bottom:0px !important;\r\n}\r\n\r\n#wpsm_accordion_87 .wpsm_panel-title a:focus {\r\noutline: 0px !important;\r\n}\r\n\r\n#wpsm_accordion_87 .wpsm_panel-title a:hover, #wpsm_accordion_87 .wpsm_panel-title a:focus {\r\n\tcolor:#000000 !important;\r\n}\r\n#wpsm_accordion_87 .acc-a{\r\n\tcolor: #000000 !important;\r\n\tbackground-color:#e8e8e8 !important;\r\n\tborder-color: #ddd;\r\n}\r\n#wpsm_accordion_87 .wpsm_panel-default > .wpsm_panel-heading{\r\n\tcolor: #000000 !important;\r\n\tbackground-color: #e8e8e8 !important;\r\n\tborder-color: #e8e8e8 !important;\r\n\tborder-top-left-radius: 0px;\r\n\tborder-top-right-radius: 0px;\r\n}\r\n#wpsm_accordion_87 .wpsm_panel-default {\r\n\t\tborder:1px solid transparent !important;\r\n\t}\r\n#wpsm_accordion_87 {\r\n\tmargin-bottom: 20px;\r\n\toverflow: hidden;\r\n\tfloat: none;\r\n\twidth: 100%;\r\n\tdisplay: block;\r\n}\r\n#wpsm_accordion_87 .ac_title_class{\r\n\tdisplay: block;\r\n\tpadding-top: 12px;\r\n\tpadding-bottom: 12px;\r\n\tpadding-left: 15px;\r\n\tpadding-right: 15px;\r\n}\r\n#wpsm_accordion_87  .wpsm_panel {\r\n\toverflow:hidden;\r\n\t-webkit-box-shadow: 0 0px 0px rgba(0, 0, 0, .05);\r\n\tbox-shadow: 0 0px 0px rgba(0, 0, 0, .05);\r\n\t\tborder-radius: 4px;\r\n\t}\r\n#wpsm_accordion_87  .wpsm_panel + .wpsm_panel {\r\n\t\tmargin-top: 5px;\r\n\t}\r\n#wpsm_accordion_87  .wpsm_panel-body{\r\n\tbackground-color:#ffffff !important;\r\n\tcolor:#000000 !important;\r\n\tborder-top-color: #e8e8e8 !important;\r\n\tfont-size:16px !important;\r\n\tfont-family: Open Sans !important;\r\n\toverflow: hidden;\r\n\t\tborder: 2px solid #e8e8e8 !important;\r\n\t}\r\n\r\n#wpsm_accordion_87 .ac_open_cl_icon{\r\n\tbackground-color:#e8e8e8 !important;\r\n\tcolor: #000000 !important;\r\n\tfloat:right !important;\r\n\tpadding-top: 12px !important;\r\n\tpadding-bottom: 12px !important;\r\n\tline-height: 1.0 !important;\r\n\tpadding-left: 15px !important;\r\n\tpadding-right: 15px !important;\r\n\tdisplay: inline-block !important;\r\n}\r\n\r\n\t\t\t\r\n\t\t\t<\/style>\t\r\n\t\t\t<\/style>\r\n\t\t\t<div class=\"wpsm_panel-group\" id=\"wpsm_accordion_87\" >\r\n\t\t\t\t\t\t\t\t\r\n\t\t\t\t\t<!-- Inner panel Start -->\r\n\t\t\t\t\t<div class=\"wpsm_panel wpsm_panel-default\">\r\n\t\t\t\t\t\t<div class=\"wpsm_panel-heading\" role=\"tab\" >\r\n\t\t\t\t\t\t  <h4 class=\"wpsm_panel-title\">\r\n\t\t\t\t\t\t\t<a  class=\"\"  data-toggle=\"collapse\" data-parent=\"#wpsm_accordion_87 \" href=\"javascript:void(0)\" data-target=\"#ac_87_collapse1\" onclick=\"do_resize()\">\r\n\t\t\t\t\t\t\t\t\t\t\t\t\t\t\t\t\t<span class=\"ac_open_cl_icon fa fa-minus\"><\/span>\r\n\t\t\t\t\t\t\t\t\t\r\n\t\t\t\t\t\t\t\t \r\n\t\t\t\t\t\t\t\t<span class=\"ac_title_class\">\r\n\t\t\t\t\t\t\t\t\t\t\t\t\t\t\t\t\t\t\t\t<span style=\"margin-right:6px;\" class=\"fa fa-align-justify\"><\/span>\r\n\t\t\t\t\t\t\t\t\tATE - Therapiestall Mondercange\t\t\t\t\t\t\t\t<\/span>\r\n\t\t\t\t\t\t\t<\/a>\r\n\t\t\t\t\t\t  <\/h4>\r\n\t\t\t\t\t\t<\/div>\r\n\t\t\t\t\t\t<div id=\"ac_87_collapse1\" class=\"wpsm_panel-collapse collapse in\"  >\r\n\t\t\t\t\t\t  <div class=\"wpsm_panel-body\">\r\n\t\t\t\t\t\t\t<strong>Angebote<\/strong> :<\/br>\r\n* Hippotherapie <\/br>\r\n* Hippop\u00e4dagogik<\/br>\r\n* Heilp\u00e4dagogisches Voltigieren<\/br>\r\n* Heilp\u00e4dagogisches Reiten<\/br>\r\n<strong>Kontaktperson<\/strong> : Isabelle Lichter<\/br>\r\n<strong>GSM<\/strong> : (+352) 621 537233<\/br>\r\n<strong>Adresse<\/strong> : 3 rue Pontpierre L-3940 Mondercange<\/br>\r\n<strong>Email<\/strong> : secretariat at atelux.lu<\/br>\r\n<strong>Internet<\/strong> : <a href=\"https:\/\/www.atelux.lu\">www.atelux.lu<\/a>\t\t\t\t\t\t  <\/div>\r\n\t\t\t\t\t\t<\/div>\r\n\t\t\t\t\t<\/div>\r\n\t\t\t\t\t<!-- Inner panel End -->\r\n\t\t\t\t\t\r\n\t\t\t\t\t\t\t\t\r\n\t\t\t\t\t<!-- Inner panel Start -->\r\n\t\t\t\t\t<div class=\"wpsm_panel wpsm_panel-default\">\r\n\t\t\t\t\t\t<div class=\"wpsm_panel-heading\" role=\"tab\" >\r\n\t\t\t\t\t\t  <h4 class=\"wpsm_panel-title\">\r\n\t\t\t\t\t\t\t<a  class=\"collapsed\"  data-toggle=\"collapse\" data-parent=\"#wpsm_accordion_87 \" href=\"javascript:void(0)\" data-target=\"#ac_87_collapse2\" onclick=\"do_resize()\">\r\n\t\t\t\t\t\t\t\t\t\t\t\t\t\t\t\t\t<span class=\"ac_open_cl_icon fa fa-plus\"><\/span>\r\n\t\t\t\t\t\t\t\t\t\r\n\t\t\t\t\t\t\t\t \r\n\t\t\t\t\t\t\t\t<span class=\"ac_title_class\">\r\n\t\t\t\t\t\t\t\t\t\t\t\t\t\t\t\t\t\t\t\t<span style=\"margin-right:6px;\" class=\"fa fa-align-justify\"><\/span>\r\n\t\t\t\t\t\t\t\t\tCroix-Rouge luxembourgeoise Kannerhaus Jean\t\t\t\t\t\t\t\t<\/span>\r\n\t\t\t\t\t\t\t<\/a>\r\n\t\t\t\t\t\t  <\/h4>\r\n\t\t\t\t\t\t<\/div>\r\n\t\t\t\t\t\t<div id=\"ac_87_collapse2\" class=\"wpsm_panel-collapse collapse \"  >\r\n\t\t\t\t\t\t  <div class=\"wpsm_panel-body\">\r\n\t\t\t\t\t\t\t<strong>Text\/Beschreibung<\/strong> :<\/br>\r\nDie Grundidee des Therapiezentrums Kannerhaus Jean ist es, Familien in Not mit ihren Kindern ein ganzheitliches Hilfsangebot zukommen zu lassen. Dieses Angebot richtet sich an Familien in schwierigen Lebenssituationen (z.B. Trennung\/Scheidung, Trauer, Gewalt, Abh\u00e4ngigkeiten), in denen die Kinder Verhaltensauff\u00e4lligkeiten zeigen, die auf ein psychisches Leiden hinweisen k\u00f6nnen.\r\nDas therapeutische Angebot richtet sich an die Kinder, aber auch an ihre Eltern. Die Betreuung kann ambulant oder auch im Tagesbereich erfolgen. Grunds\u00e4tzlich wird dem Lehrpersonal bei Bedarf p\u00e4dagogische Unterst\u00fctzung angeboten.\r\nTiere, und vor allem die Pferde, sind ein Medium, das wir in der Therapie einsetzen k\u00f6nnen. N\u00e4heres erfahren Sie hier <\/br>\r\n<strong>Telefonnummer<\/strong> : (+352) 2707701<\/br>\r\n<strong>Adresse<\/strong> : 15a, rue du Ch\u00e2teau L- 6922 BERG<\/br>\r\n<strong>Email<\/strong> : kannerhaus.jean at croix-rouge.lu<\/br>\r\n<strong>Internet<\/strong> : <a href=\"https:\/\/www.croix-rouge.lu\/index.php?option=com_content&amp;task=view&amp;id=84&amp;Itemid=195\">www.croix-rouge.lu<\/a>\t\t\t\t\t\t  <\/div>\r\n\t\t\t\t\t\t<\/div>\r\n\t\t\t\t\t<\/div>\r\n\t\t\t\t\t<!-- Inner panel End -->\r\n\t\t\t\t\t\r\n\t\t\t\t\t\t\t\t\r\n\t\t\t\t\t<!-- Inner panel Start -->\r\n\t\t\t\t\t<div class=\"wpsm_panel wpsm_panel-default\">\r\n\t\t\t\t\t\t<div class=\"wpsm_panel-heading\" role=\"tab\" >\r\n\t\t\t\t\t\t  <h4 class=\"wpsm_panel-title\">\r\n\t\t\t\t\t\t\t<a  class=\"collapsed\"  data-toggle=\"collapse\" data-parent=\"#wpsm_accordion_87 \" href=\"javascript:void(0)\" data-target=\"#ac_87_collapse3\" onclick=\"do_resize()\">\r\n\t\t\t\t\t\t\t\t\t\t\t\t\t\t\t\t\t<span class=\"ac_open_cl_icon fa fa-plus\"><\/span>\r\n\t\t\t\t\t\t\t\t\t\r\n\t\t\t\t\t\t\t\t \r\n\t\t\t\t\t\t\t\t<span class=\"ac_title_class\">\r\n\t\t\t\t\t\t\t\t\t\t\t\t\t\t\t\t\t\t\t\t<span style=\"margin-right:6px;\" class=\"fa fa-align-justify\"><\/span>\r\n\t\t\t\t\t\t\t\t\tP\u00e4dagog\u00ebschen Reithaff &#039;A M\u00ebchels&#039; Flaxweiler\t\t\t\t\t\t\t\t<\/span>\r\n\t\t\t\t\t\t\t<\/a>\r\n\t\t\t\t\t\t  <\/h4>\r\n\t\t\t\t\t\t<\/div>\r\n\t\t\t\t\t\t<div id=\"ac_87_collapse3\" class=\"wpsm_panel-collapse collapse \"  >\r\n\t\t\t\t\t\t  <div class=\"wpsm_panel-body\">\r\n\t\t\t\t\t\t\t<strong>Angebote<\/strong> : <\/br>\r\n* Hippop\u00e4dagogik<\/br>\r\n* Agrarp\u00e4dagogik (Bauernhofp\u00e4dagogik) -- Aktivit\u00e4ten rund um die Landwirtschaft mit ihren Tieren<\/br>\r\n<strong>Telefonnummer<\/strong> : (+352) 621 181 127<\/br>\r\n<strong>Adresse<\/strong> : 3, rue Theis L-6925 Flaxweiler<\/br>\r\n<strong>Email<\/strong> : sarahvangelder at yahoo.de<\/br>\r\n<strong>Internet<\/strong> : <a href=\"https:\/\/www.hippohaff.lu\">www.hippohaff.lu<\/a>\t\t\t\t\t\t  <\/div>\r\n\t\t\t\t\t\t<\/div>\r\n\t\t\t\t\t<\/div>\r\n\t\t\t\t\t<!-- Inner panel End -->\r\n\t\t\t\t\t\r\n\t\t\t\t\t\t\t\t\r\n\t\t\t\t\t<!-- Inner panel Start -->\r\n\t\t\t\t\t<div class=\"wpsm_panel wpsm_panel-default\">\r\n\t\t\t\t\t\t<div class=\"wpsm_panel-heading\" role=\"tab\" >\r\n\t\t\t\t\t\t  <h4 class=\"wpsm_panel-title\">\r\n\t\t\t\t\t\t\t<a  class=\"collapsed\"  data-toggle=\"collapse\" data-parent=\"#wpsm_accordion_87 \" href=\"javascript:void(0)\" data-target=\"#ac_87_collapse4\" onclick=\"do_resize()\">\r\n\t\t\t\t\t\t\t\t\t\t\t\t\t\t\t\t\t<span class=\"ac_open_cl_icon fa fa-plus\"><\/span>\r\n\t\t\t\t\t\t\t\t\t\r\n\t\t\t\t\t\t\t\t \r\n\t\t\t\t\t\t\t\t<span class=\"ac_title_class\">\r\n\t\t\t\t\t\t\t\t\t\t\t\t\t\t\t\t\t\t\t\t<span style=\"margin-right:6px;\" class=\"fa fa-align-justify\"><\/span>\r\n\t\t\t\t\t\t\t\t\tPraxis f\u00fcr Pferdegest\u00fctzte Psychotherapie und Pers\u00f6nlichkeitsentwicklung\t\t\t\t\t\t\t\t<\/span>\r\n\t\t\t\t\t\t\t<\/a>\r\n\t\t\t\t\t\t  <\/h4>\r\n\t\t\t\t\t\t<\/div>\r\n\t\t\t\t\t\t<div id=\"ac_87_collapse4\" class=\"wpsm_panel-collapse collapse \"  >\r\n\t\t\t\t\t\t  <div class=\"wpsm_panel-body\">\r\n\t\t\t\t\t\t\t<strong>Angebote<\/strong> :<\/br>\r\n* Pferdegest\u00fctzte Psychotherapie und Pers\u00f6nlichkeitsentwicklung f\u00fcr Erwachsene<\/br>\r\n* Einzelsitzungen<\/br>\r\n* Interessante neue Perspektive auch f\u00fcr Reiter mit ihrem eigenen Pferd!<\/br>\r\n<strong>Kontaktperson<\/strong> : Simone Bauer, Dipl.-Psychologin<\/br>\r\n<strong>Telefonnummer<\/strong> : (+352) 621 735 750<\/br>\r\n<strong>Adresse<\/strong> :<\/br>\r\n<strong>Email<\/strong> : bauersimone at yahoo.de<\/br>\r\n<strong>Internet<\/strong>: <a href=\"https:\/\/psychologue-bauer.jimdo.com\">psychologue-bauer.jimdo.com<\/a>\t\t\t\t\t\t  <\/div>\r\n\t\t\t\t\t\t<\/div>\r\n\t\t\t\t\t<\/div>\r\n\t\t\t\t\t<!-- Inner panel End -->\r\n\t\t\t\t\t\r\n\t\t\t\t\t\t\t\t\r\n\t\t\t\t\t<!-- Inner panel Start -->\r\n\t\t\t\t\t<div class=\"wpsm_panel wpsm_panel-default\">\r\n\t\t\t\t\t\t<div class=\"wpsm_panel-heading\" role=\"tab\" >\r\n\t\t\t\t\t\t  <h4 class=\"wpsm_panel-title\">\r\n\t\t\t\t\t\t\t<a  class=\"collapsed\"  data-toggle=\"collapse\" data-parent=\"#wpsm_accordion_87 \" href=\"javascript:void(0)\" data-target=\"#ac_87_collapse5\" onclick=\"do_resize()\">\r\n\t\t\t\t\t\t\t\t\t\t\t\t\t\t\t\t\t<span class=\"ac_open_cl_icon fa fa-plus\"><\/span>\r\n\t\t\t\t\t\t\t\t\t\r\n\t\t\t\t\t\t\t\t \r\n\t\t\t\t\t\t\t\t<span class=\"ac_title_class\">\r\n\t\t\t\t\t\t\t\t\t\t\t\t\t\t\t\t\t\t\t\t<span style=\"margin-right:6px;\" class=\"fa fa-align-justify\"><\/span>\r\n\t\t\t\t\t\t\t\t\tEselhaff Rulljen\t\t\t\t\t\t\t\t<\/span>\r\n\t\t\t\t\t\t\t<\/a>\r\n\t\t\t\t\t\t  <\/h4>\r\n\t\t\t\t\t\t<\/div>\r\n\t\t\t\t\t\t<div id=\"ac_87_collapse5\" class=\"wpsm_panel-collapse collapse \"  >\r\n\t\t\t\t\t\t  <div class=\"wpsm_panel-body\">\r\n\t\t\t\t\t\t\t<strong>Kontaktperson<\/strong>: Janine Mailliet<\/br>\r\n<strong>Internet<\/strong>: <a href=\"https:\/\/www.eselhaff.jimdo.com\">www.eselhaff.jimdo.com<\/a>\t\t\t\t\t\t  <\/div>\r\n\t\t\t\t\t\t<\/div>\r\n\t\t\t\t\t<\/div>\r\n\t\t\t\t\t<!-- Inner panel End -->\r\n\t\t\t\t\t\r\n\t\t\t\t\t\t\t<\/div>\r\n\t\t\t\r\n<script type=\"text\/javascript\">\r\n\t\r\n\t\tfunction do_resize(){\r\n\r\n\t\t\tvar width=jQuery( '.wpsm_panel .wpsm_panel-body iframe' ).width();\r\n\t\t\tvar height=jQuery( '.wpsm_panel .wpsm_panel-body iframe' ).height();\r\n\r\n\t\t\tvar toggleSize = true;\r\n\t\t\tjQuery('iframe').animate({\r\n\t\t\t    width: toggleSize ? width : 640,\r\n\t\t\t    height: toggleSize ? height : 360\r\n\t\t\t  }, 250);\r\n\r\n\t\t\t  toggleSize = !toggleSize;\r\n\t\t}\r\n\t\t\r\n<\/script>\t\n<p><span style=\"color: #767676; font-size: 0.8125rem; font-weight: 800; letter-spacing: 0.15em; text-transform: uppercase;\">Weitere ausgebildete Reittherapeuten und Equi-Assistenten:<\/span><\/p>\n<p>De Lederwon a.s.b.l,\u00a0 Peter Andekerk, Betzdorf<\/p>\n<p>Nathalie Gieres, Erzieherin, Hippop\u00e4dagogin, Altwies<\/p>\n<p>Bea Mertzig, Consdorf, Erzieherin, Reittherapeutin (F\u00f6rderkreis f\u00fcr therapeutisches Reiten), Tel:\u00a0\u202d621 291 276\u202c<\/p>\n<p>Linda Pregno, Diplom-P\u00e4dagogin, Reitp\u00e4dagogin SG-TR, Soleuvre<\/p>\n<p>Joanne Schweich, Erzieherin , Hippop\u00e4dagogin,Bettembourg<\/p>\n<p>Corinne Genson, Hippo-Assistent, Bettembourg<\/p>\n<p>Geraldine Schweich, Hippo-Assistent, Bettembourg<\/p>\n<p>Isabelle Feltgen -Even, Hippo-Assistent, Aspelt<\/p>\n<p>Michelle Ennen, Hippo-Assistent, Aspelt<\/p>\n<p>Michelle Steichen, Hippo-Assistent, Bettembourg<\/p>\n","protected":false},"excerpt":{"rendered":"<p>In der folgenden Auflistung finden Sie Einrichtungen, welche pferdegest\u00fctzte Therapie in den verschiedenen Bereichen anbietet.In allen Einrichtungen arbeiten qualifizierte Therapeuten mit entsprechender Zusatzausbildung. Weitere ausgebildete Reittherapeuten und Equi-Assistenten: De Lederwon a.s.b.l,\u00a0 Peter Andekerk, Betzdorf Nathalie Gieres, Erzieherin, Hippop\u00e4dagogin, Altwies Bea Mertzig, Consdorf, Erzieherin, Reittherapeutin (F\u00f6rderkreis f\u00fcr therapeutisches Reiten), Tel:\u00a0\u202d621 291 276\u202c Linda Pregno, Diplom-P\u00e4dagogin, Reitp\u00e4dagogin &hellip; <\/p>\n<p class=\"link-more\"><a href=\"https:\/\/altaclux.lu\/wordpress\/?p=87\" class=\"more-link\"><span class=\"screen-reader-text\">\u201eReittherapie in Luxemburg\u201c <\/span>weiterlesen<\/a><\/p>\n","protected":false},"author":2,"featured_media":0,"parent":0,"menu_order":0,"comment_status":"closed","ping_status":"closed","template":"","meta":{"ngg_post_thumbnail":0,"footnotes":""},"class_list":["post-37","page","type-page","status-publish","hentry"],"_links":{"self":[{"href":"https:\/\/altaclux.lu\/wordpress\/index.php?rest_route=\/wp\/v2\/pages\/37","targetHints":{"allow":["GET"]}}],"collection":[{"href":"https:\/\/altaclux.lu\/wordpress\/index.php?rest_route=\/wp\/v2\/pages"}],"about":[{"href":"https:\/\/altaclux.lu\/wordpress\/index.php?rest_route=\/wp\/v2\/types\/page"}],"author":[{"embeddable":true,"href":"https:\/\/altaclux.lu\/wordpress\/index.php?rest_route=\/wp\/v2\/users\/2"}],"replies":[{"embeddable":true,"href":"https:\/\/altaclux.lu\/wordpress\/index.php?rest_route=%2Fwp%2Fv2%2Fcomments&post=37"}],"version-history":[{"count":8,"href":"https:\/\/altaclux.lu\/wordpress\/index.php?rest_route=\/wp\/v2\/pages\/37\/revisions"}],"predecessor-version":[{"id":107,"href":"https:\/\/altaclux.lu\/wordpress\/index.php?rest_route=\/wp\/v2\/pages\/37\/revisions\/107"}],"wp:attachment":[{"href":"https:\/\/altaclux.lu\/wordpress\/index.php?rest_route=%2Fwp%2Fv2%2Fmedia&parent=37"}],"curies":[{"name":"wp","href":"https:\/\/api.w.org\/{rel}","templated":true}]}}